{"id":558,"date":"2021-03-03T23:36:49","date_gmt":"2021-03-03T22:36:49","guid":{"rendered":"http:\/\/www.tatwortimnetz.de\/Hoerspiel\/?page_id=558"},"modified":"2021-03-03T23:39:21","modified_gmt":"2021-03-03T22:39:21","slug":"workshops-seminare","status":"publish","type":"page","link":"http:\/\/www.tatwortimnetz.de\/Hoerspiel\/workshops-seminare\/","title":{"rendered":"Workshops &#038; Seminare"},"content":{"rendered":"\n<p>Mit verschiedenen Workshops und Seminaren m\u00f6chten wir interessierten Menschen durch verschiedenen Dozent*innen einen Input bieten, der sich an den vielf\u00e4ltigen handwerklichen Bestandteilen einer H\u00f6rspielproduktion orientiert. Hier soll den Teilnehmer*innen das n\u00f6tige Know-How an die Hand gegeben werden, H\u00f6rspiele zu produzieren.<\/p>\n\n\n\n<div class=\"mec-wrap mec-skin-list-container  \" id=\"mec_skin_557\">\r\n    \r\n    \r\n        <div class=\"mec-skin-list-events-container\" id=\"mec_skin_events_557\">\r\n        Keine Veranstaltung gefunden!    <\/div>\r\n        \r\n        \r\n<\/div>\n","protected":false},"excerpt":{"rendered":"<p>Mit verschiedenen Workshops und Seminaren m\u00f6chten wir interessierten Menschen durch verschiedenen Dozent*innen einen Input bieten, der sich an den vielf\u00e4ltigen handwerklichen Bestandteilen einer H\u00f6rspielproduktion orientiert. Hier soll den Teilnehmer*innen das n\u00f6tige Know-How an die Hand gegeben werden, H\u00f6rspiele zu produzieren.<\/p>\n","protected":false},"author":1,"featured_media":0,"parent":0,"menu_order":0,"comment_status":"closed","ping_status":"closed","template":"","meta":{"footnotes":""},"class_list":["post-558","page","type-page","status-publish","hentry"],"_links":{"self":[{"href":"http:\/\/www.tatwortimnetz.de\/Hoerspiel\/wp-json\/wp\/v2\/pages\/558","targetHints":{"allow":["GET"]}}],"collection":[{"href":"http:\/\/www.tatwortimnetz.de\/Hoerspiel\/wp-json\/wp\/v2\/pages"}],"about":[{"href":"http:\/\/www.tatwortimnetz.de\/Hoerspiel\/wp-json\/wp\/v2\/types\/page"}],"author":[{"embeddable":true,"href":"http:\/\/www.tatwortimnetz.de\/Hoerspiel\/wp-json\/wp\/v2\/users\/1"}],"replies":[{"embeddable":true,"href":"http:\/\/www.tatwortimnetz.de\/Hoerspiel\/wp-json\/wp\/v2\/comments?post=558"}],"version-history":[{"count":3,"href":"http:\/\/www.tatwortimnetz.de\/Hoerspiel\/wp-json\/wp\/v2\/pages\/558\/revisions"}],"predecessor-version":[{"id":561,"href":"http:\/\/www.tatwortimnetz.de\/Hoerspiel\/wp-json\/wp\/v2\/pages\/558\/revisions\/561"}],"wp:attachment":[{"href":"http:\/\/www.tatwortimnetz.de\/Hoerspiel\/wp-json\/wp\/v2\/media?parent=558"}],"curies":[{"name":"wp","href":"https:\/\/api.w.org\/{rel}","templated":true}]}}