{"id":740,"date":"2021-03-20T21:10:15","date_gmt":"2021-03-20T20:10:15","guid":{"rendered":"http:\/\/www.tatwortimnetz.de\/Hoerspiel\/?page_id=740"},"modified":"2022-03-15T17:10:53","modified_gmt":"2022-03-15T16:10:53","slug":"mixdown-digital","status":"publish","type":"page","link":"http:\/\/www.tatwortimnetz.de\/Hoerspiel\/mixdown-digital\/","title":{"rendered":"MixDown als Video"},"content":{"rendered":"\n<p class=\"has-text-align-center\"><em style=\"\"><span style=\"\"><b>Das H\u00f6rSpielLab M\u00fcnster steht f\u00fcr das Spielen mit dem H\u00f6ren. MixDown <\/b><\/span><\/em><strong><em><strong>bringt  j\u00e4hrlich die verschiedenen Variationen des Spielen mit dem H\u00f6ren auf die B\u00fchne:<\/strong><\/em><\/strong><\/p>\n\n\n\n<hr class=\"wp-block-separator has-text-color has-background has-vivid-purple-background-color has-vivid-purple-color is-style-default\"\/>\n\n\n\n<div style=\"height:70px\" aria-hidden=\"true\" class=\"wp-block-spacer\"><\/div>\n\n\n<div class=\"pt-cv-wrapper\"><div class=\"pt-cv-view pt-cv-scrollable pt-cv-colsys pt-cv-content-hover pt-cv-clickable pt-cv-force-mask pt-cv-overlay-bottom\" id=\"pt-cv-view-8d8f0dclwc\"><div data-id=\"pt-cv-page-1\" class=\"pt-cv-page\" data-cvc=\"2\"><div id=\"ed99b11jbi\" class=\"pt-cv-carousel pt-cv-slide\" data-ride=\"cvcarousel\" data-interval=false><ol class=\"pt-cv-carousel-indicators\"><li data-target=\"#ed99b11jbi\" data-cvslide-to=\"0\" class=\"active\"><\/li>\n<li data-target=\"#ed99b11jbi\" data-cvslide-to=\"1\" class=\"\"><\/li><\/ol>\n<div class=\"carousel-inner\"><div class=\"item active\"><div class=\"row\"><div class=\"col-md-6 col-sm-6 col-xs-12 pt-cv-content-item pt-cv-1-col\"  data-pid=\"1120\"><a href=\"http:\/\/www.tatwortimnetz.de\/Hoerspiel\/2022\/03\/14\/mixdown-die-magie-der-klaenge\/\" class=\"_self pt-cv-href-thumbnail pt-cv-thumb-default cvplbd\" target=\"_self\" ><img loading=\"lazy\" decoding=\"async\" width=\"300\" height=\"169\" src=\"http:\/\/www.tatwortimnetz.de\/Hoerspiel\/wp-content\/uploads\/2022\/03\/MixDown-Header-2021-300x169.png\" class=\"pt-cv-thumbnail img-none\" alt=\"MixDown - Die Magie der Kl\u00e4nge\" srcset=\"http:\/\/www.tatwortimnetz.de\/Hoerspiel\/wp-content\/uploads\/2022\/03\/MixDown-Header-2021-300x169.png 300w, http:\/\/www.tatwortimnetz.de\/Hoerspiel\/wp-content\/uploads\/2022\/03\/MixDown-Header-2021-1024x576.png 1024w, http:\/\/www.tatwortimnetz.de\/Hoerspiel\/wp-content\/uploads\/2022\/03\/MixDown-Header-2021-768x432.png 768w, http:\/\/www.tatwortimnetz.de\/Hoerspiel\/wp-content\/uploads\/2022\/03\/MixDown-Header-2021-1536x864.png 1536w, http:\/\/www.tatwortimnetz.de\/Hoerspiel\/wp-content\/uploads\/2022\/03\/MixDown-Header-2021.png 1600w\" sizes=\"auto, 100vw\" \/><\/a>\n<div class=\"pt-cv-carousel-caption pt-cv-cap-w-img\"><\/div><\/div>\n<div class=\"col-md-6 col-sm-6 col-xs-12 pt-cv-content-item pt-cv-1-col\"  data-pid=\"1128\"><a href=\"http:\/\/www.tatwortimnetz.de\/Hoerspiel\/2022\/03\/14\/mixdown-2021-digital\/\" class=\"_self pt-cv-href-thumbnail pt-cv-thumb-default cvplbd\" target=\"_self\" ><img loading=\"lazy\" decoding=\"async\" width=\"300\" height=\"169\" src=\"http:\/\/www.tatwortimnetz.de\/Hoerspiel\/wp-content\/uploads\/2021\/03\/Header-Website-300x169.jpg\" class=\"pt-cv-thumbnail img-none\" alt=\"MixDown 2021 Digital\" srcset=\"http:\/\/www.tatwortimnetz.de\/Hoerspiel\/wp-content\/uploads\/2021\/03\/Header-Website-300x169.jpg 300w, http:\/\/www.tatwortimnetz.de\/Hoerspiel\/wp-content\/uploads\/2021\/03\/Header-Website-1024x576.jpg 1024w, http:\/\/www.tatwortimnetz.de\/Hoerspiel\/wp-content\/uploads\/2021\/03\/Header-Website-768x432.jpg 768w, http:\/\/www.tatwortimnetz.de\/Hoerspiel\/wp-content\/uploads\/2021\/03\/Header-Website-1536x864.jpg 1536w, http:\/\/www.tatwortimnetz.de\/Hoerspiel\/wp-content\/uploads\/2021\/03\/Header-Website.jpg 1600w\" sizes=\"auto, 100vw\" \/><\/a>\n<div class=\"pt-cv-carousel-caption pt-cv-cap-w-img\"><\/div><\/div><\/div><\/div>\n<div class=\"item\"><div class=\"row\"><div class=\"col-md-6 col-sm-6 col-xs-12 pt-cv-content-item pt-cv-1-col\"  data-pid=\"1458\"><a href=\"http:\/\/www.tatwortimnetz.de\/Hoerspiel\/2025\/12\/02\/hoerspiele-punsch-und-plaetzchen\/\" class=\"_self pt-cv-href-thumbnail pt-cv-thumb-default cvplbd\" target=\"_self\" ><img loading=\"lazy\" decoding=\"async\" width=\"300\" height=\"169\" src=\"http:\/\/www.tatwortimnetz.de\/Hoerspiel\/wp-content\/uploads\/2025\/12\/Hoerspiele-Punsch-und-Plaetzchen-300x169.png\" class=\"pt-cv-thumbnail img-none\" alt=\"H\u00f6rspiele, Punsch und Pl\u00e4tzchen\" srcset=\"http:\/\/www.tatwortimnetz.de\/Hoerspiel\/wp-content\/uploads\/2025\/12\/Hoerspiele-Punsch-und-Plaetzchen-300x169.png 300w, http:\/\/www.tatwortimnetz.de\/Hoerspiel\/wp-content\/uploads\/2025\/12\/Hoerspiele-Punsch-und-Plaetzchen-1024x576.png 1024w, http:\/\/www.tatwortimnetz.de\/Hoerspiel\/wp-content\/uploads\/2025\/12\/Hoerspiele-Punsch-und-Plaetzchen-768x432.png 768w, http:\/\/www.tatwortimnetz.de\/Hoerspiel\/wp-content\/uploads\/2025\/12\/Hoerspiele-Punsch-und-Plaetzchen-1536x864.png 1536w, http:\/\/www.tatwortimnetz.de\/Hoerspiel\/wp-content\/uploads\/2025\/12\/Hoerspiele-Punsch-und-Plaetzchen.png 1600w\" sizes=\"auto, 100vw\" \/><\/a>\n<div class=\"pt-cv-carousel-caption pt-cv-cap-w-img\"><\/div><\/div><\/div><\/div><\/div>\n<a class=\"left carousel-control\" data-target=\"#ed99b11jbi\" data-cvslide=\"prev\">\r\n\t\t\t\t\t\t<span class=\"glyphicon glyphicon-chevron-left\"><\/span>\r\n\t\t\t\t\t<\/a>\r\n\t\t\t\t\t<a class=\"right carousel-control\" data-target=\"#ed99b11jbi\" data-cvslide=\"next\">\r\n\t\t\t\t\t\t<span class=\"glyphicon glyphicon-chevron-right\"><\/span>\r\n\t\t\t\t\t<\/a><\/div><\/div><\/div><\/div>\t\t\t<style type=\"text\/css\" id=\"pt-cv-inline-style-a39f609v5p\">#pt-cv-view-8d8f0dclwc .pt-cv-title a, #pt-cv-view-8d8f0dclwc  .panel-title { font-size: 16px !important; line-height: 1.3 !important; color: #ffffff !important; font-weight: 600 !important; }\n#pt-cv-view-8d8f0dclwc  .pt-cv-title a:hover, #pt-cv-view-8d8f0dclwc  .panel-title:hover   { color: #cccccc !important; }\n#pt-cv-view-8d8f0dclwc .pt-cv-readmore  { color: #ffffff !important; background-color: #00aeef !important; }\n#pt-cv-view-8d8f0dclwc .pt-cv-readmore:hover  { color: #ffffff !important; background-color: #00aeef !important; }\n#pt-cv-view-8d8f0dclwc  + .pt-cv-pagination-wrapper .pt-cv-more , #pt-cv-view-8d8f0dclwc  + .pt-cv-pagination-wrapper .pagination .active a, .pt-cv-pagination[data-sid='8d8f0dclwc'] .active a { color: #ffffff !important; background-color: #00aeef !important; }<\/style>\r\n\t\t\t\n\n\n\n<p><\/p>\n","protected":false},"excerpt":{"rendered":"<p>Das H\u00f6rSpielLab M\u00fcnster steht f\u00fcr das Spielen mit dem H\u00f6ren. MixDown bringt j\u00e4hrlich die verschiedenen Variationen des Spielen mit dem H\u00f6ren auf die B\u00fchne:<\/p>\n","protected":false},"author":1,"featured_media":1123,"parent":0,"menu_order":0,"comment_status":"closed","ping_status":"closed","template":"","meta":{"footnotes":""},"class_list":["post-740","page","type-page","status-publish","has-post-thumbnail","hentry"],"_links":{"self":[{"href":"http:\/\/www.tatwortimnetz.de\/Hoerspiel\/wp-json\/wp\/v2\/pages\/740","targetHints":{"allow":["GET"]}}],"collection":[{"href":"http:\/\/www.tatwortimnetz.de\/Hoerspiel\/wp-json\/wp\/v2\/pages"}],"about":[{"href":"http:\/\/www.tatwortimnetz.de\/Hoerspiel\/wp-json\/wp\/v2\/types\/page"}],"author":[{"embeddable":true,"href":"http:\/\/www.tatwortimnetz.de\/Hoerspiel\/wp-json\/wp\/v2\/users\/1"}],"replies":[{"embeddable":true,"href":"http:\/\/www.tatwortimnetz.de\/Hoerspiel\/wp-json\/wp\/v2\/comments?post=740"}],"version-history":[{"count":25,"href":"http:\/\/www.tatwortimnetz.de\/Hoerspiel\/wp-json\/wp\/v2\/pages\/740\/revisions"}],"predecessor-version":[{"id":1134,"href":"http:\/\/www.tatwortimnetz.de\/Hoerspiel\/wp-json\/wp\/v2\/pages\/740\/revisions\/1134"}],"wp:featuredmedia":[{"embeddable":true,"href":"http:\/\/www.tatwortimnetz.de\/Hoerspiel\/wp-json\/wp\/v2\/media\/1123"}],"wp:attachment":[{"href":"http:\/\/www.tatwortimnetz.de\/Hoerspiel\/wp-json\/wp\/v2\/media?parent=740"}],"curies":[{"name":"wp","href":"https:\/\/api.w.org\/{rel}","templated":true}]}}