{"id":8,"date":"2017-01-24T16:52:47","date_gmt":"2017-01-24T15:52:47","guid":{"rendered":"http:\/\/www.tatwortimnetz.de\/Hoerspiel\/?page_id=8"},"modified":"2021-11-13T13:37:42","modified_gmt":"2021-11-13T12:37:42","slug":"ueber-mich","status":"publish","type":"page","link":"http:\/\/www.tatwortimnetz.de\/Hoerspiel\/ueber-mich\/","title":{"rendered":"\u00dcber uns"},"content":{"rendered":"<p><strong>Was ist das H\u00f6rSpielLab M\u00fcnster?<\/strong><\/p>\n<p>Das H\u00f6rSpielLab M\u00fcnster ist\u00a0 Caf\u00e9, Werkstatt, Treffpunkt, Tonstudio,<br \/>\nKeimzelle, Versuchslabor, B\u00fchne, Lager und H\u00f6rsaal f\u00fcr H\u00f6rSpieler*innen<br \/>\naus M\u00fcnster \u2013 Gleich ob Profi oder Laie.<br \/>\nH\u00f6rSpielLab M\u00fcnster schafft einen gemeinsamen und nachhaltigen \u201eOrt\u201c\u00a0\u00a0 und bietet, Wissen, Technik, Raum, ein Netzwerk und eine (Akustik-)B\u00fchne an einem, zentralen Ort f\u00fcr Experimente und weiterf\u00fchrende Ideen zu finden.<\/p>\n","protected":false},"excerpt":{"rendered":"<p>Was ist das H\u00f6rSpielLab M\u00fcnster? Das H\u00f6rSpielLab M\u00fcnster ist\u00a0 Caf\u00e9, Werkstatt, Treffpunkt, Tonstudio, Keimzelle, Versuchslabor, B\u00fchne, Lager und H\u00f6rsaal f\u00fcr H\u00f6rSpieler*innen aus M\u00fcnster \u2013 Gleich ob Profi oder Laie. H\u00f6rSpielLab M\u00fcnster schafft einen gemeinsamen und nachhaltigen \u201eOrt\u201c\u00a0\u00a0 und bietet, Wissen, Technik, Raum, ein Netzwerk und eine (Akustik-)B\u00fchne an einem, zentralen Ort f\u00fcr Experimente und weiterf\u00fchrende &hellip; <\/p>\n<p class=\"link-more\"><a href=\"http:\/\/www.tatwortimnetz.de\/Hoerspiel\/ueber-mich\/\" class=\"more-link\"><span class=\"screen-reader-text\">\u201e\u00dcber uns\u201c<\/span> weiterlesen<\/a><\/p>\n","protected":false},"author":1,"featured_media":0,"parent":0,"menu_order":0,"comment_status":"closed","ping_status":"closed","template":"","meta":{"footnotes":""},"class_list":["post-8","page","type-page","status-publish","hentry"],"_links":{"self":[{"href":"http:\/\/www.tatwortimnetz.de\/Hoerspiel\/wp-json\/wp\/v2\/pages\/8","targetHints":{"allow":["GET"]}}],"collection":[{"href":"http:\/\/www.tatwortimnetz.de\/Hoerspiel\/wp-json\/wp\/v2\/pages"}],"about":[{"href":"http:\/\/www.tatwortimnetz.de\/Hoerspiel\/wp-json\/wp\/v2\/types\/page"}],"author":[{"embeddable":true,"href":"http:\/\/www.tatwortimnetz.de\/Hoerspiel\/wp-json\/wp\/v2\/users\/1"}],"replies":[{"embeddable":true,"href":"http:\/\/www.tatwortimnetz.de\/Hoerspiel\/wp-json\/wp\/v2\/comments?post=8"}],"version-history":[{"count":5,"href":"http:\/\/www.tatwortimnetz.de\/Hoerspiel\/wp-json\/wp\/v2\/pages\/8\/revisions"}],"predecessor-version":[{"id":1023,"href":"http:\/\/www.tatwortimnetz.de\/Hoerspiel\/wp-json\/wp\/v2\/pages\/8\/revisions\/1023"}],"wp:attachment":[{"href":"http:\/\/www.tatwortimnetz.de\/Hoerspiel\/wp-json\/wp\/v2\/media?parent=8"}],"curies":[{"name":"wp","href":"https:\/\/api.w.org\/{rel}","templated":true}]}}