{"id":867,"date":"2021-09-21T13:26:22","date_gmt":"2021-09-21T11:26:22","guid":{"rendered":"http:\/\/www.tatwortimnetz.de\/Hoerspiel\/?page_id=867"},"modified":"2021-09-21T13:49:04","modified_gmt":"2021-09-21T11:49:04","slug":"hoerspiel-im-gespraech","status":"publish","type":"page","link":"http:\/\/www.tatwortimnetz.de\/Hoerspiel\/hoerspiel-im-gespraech\/","title":{"rendered":"H\u00f6rSpiel im Gespr\u00e4ch"},"content":{"rendered":"\n<p>Das H\u00f6rSpielLab M\u00fcnster wagt mit der Reihe &#8222;H\u00f6rSpiel im Gespr\u00e4ch&#8220; einen geht der Frage nach, welche Akteur*innen die Stadt beschallen und welche unterschiedlichen Zug\u00e4nge sie zum H\u00f6rSpiel haben. Sei es die Lesung, der fiktionale Podcast, die Klangkunst oder doch einfach das klassische H\u00f6rspiel.<\/p>\n\n\n<div class=\"pt-cv-wrapper\"><div class=\"pt-cv-view pt-cv-scrollable pt-cv-colsys pt-cv-content-hover pt-cv-clickable pt-cv-force-mask pt-cv-overlay-bottom\" id=\"pt-cv-view-554354bnoe\"><div data-id=\"pt-cv-page-1\" class=\"pt-cv-page\" data-cvc=\"2\"><div id=\"15de1f43qk\" class=\"pt-cv-carousel pt-cv-slide\" data-ride=\"cvcarousel\" data-interval=false>\n<div class=\"carousel-inner\"><div class=\"item active\"><div class=\"row\"><div class=\"col-md-6 col-sm-6 col-xs-12 pt-cv-content-item pt-cv-1-col\"  data-pid=\"865\"><div class=\"pt-cv-hover-wrapper\"><a href=\"http:\/\/www.tatwortimnetz.de\/Hoerspiel\/2021\/09\/21\/hoerspiel-im-gespraech-mit-klappkatapult\/\" class=\"_self pt-cv-href-thumbnail pt-cv-thumb-default cvplbd\" target=\"_self\" ><img loading=\"lazy\" decoding=\"async\" width=\"300\" height=\"169\" src=\"http:\/\/www.tatwortimnetz.de\/Hoerspiel\/wp-content\/uploads\/2021\/09\/Header-Hoerspiel-im-Gespraech-Klappkatapult-300x169.jpg\" class=\"pt-cv-thumbnail img-none\" alt=\"H\u00f6rSpiel im Gespr\u00e4ch - mit &quot;Klappkatapult&quot;\" srcset=\"http:\/\/www.tatwortimnetz.de\/Hoerspiel\/wp-content\/uploads\/2021\/09\/Header-Hoerspiel-im-Gespraech-Klappkatapult-300x169.jpg 300w, http:\/\/www.tatwortimnetz.de\/Hoerspiel\/wp-content\/uploads\/2021\/09\/Header-Hoerspiel-im-Gespraech-Klappkatapult-1024x576.jpg 1024w, http:\/\/www.tatwortimnetz.de\/Hoerspiel\/wp-content\/uploads\/2021\/09\/Header-Hoerspiel-im-Gespraech-Klappkatapult-768x432.jpg 768w, http:\/\/www.tatwortimnetz.de\/Hoerspiel\/wp-content\/uploads\/2021\/09\/Header-Hoerspiel-im-Gespraech-Klappkatapult-1536x864.jpg 1536w, http:\/\/www.tatwortimnetz.de\/Hoerspiel\/wp-content\/uploads\/2021\/09\/Header-Hoerspiel-im-Gespraech-Klappkatapult-2048x1152.jpg 2048w\" sizes=\"auto, 100vw\" \/><\/a><div class=\"pt-cv-mask\"><h4 class=\"pt-cv-animation-left pt-cv-title\"><a href=\"http:\/\/www.tatwortimnetz.de\/Hoerspiel\/2021\/09\/21\/hoerspiel-im-gespraech-mit-klappkatapult\/\" class=\"_self cvplbd\" target=\"_self\" >H\u00f6rSpiel im Gespr\u00e4ch &#8211; mit &#8222;Klappkatapult&#8220;<\/a><\/h4><\/div><\/div>\n<div class=\"pt-cv-carousel-caption pt-cv-cap-w-img\"><\/div><\/div><\/div><\/div><\/div>\n<\/div><\/div><\/div><\/div>\t\t\t<style type=\"text\/css\" id=\"pt-cv-inline-style-3c7b1b7x5u\">#pt-cv-view-554354bnoe .pt-cv-title a, #pt-cv-view-554354bnoe  .panel-title { font-size: 16px !important; line-height: 1.3 !important; color: #ffffff !important; font-weight: 600 !important; }\n#pt-cv-view-554354bnoe  .pt-cv-title a:hover, #pt-cv-view-554354bnoe  .panel-title:hover   { color: #cccccc !important; }\n#pt-cv-view-554354bnoe .pt-cv-readmore  { color: #ffffff !important; background-color: #00aeef !important; }\n#pt-cv-view-554354bnoe .pt-cv-readmore:hover  { color: #ffffff !important; background-color: #00aeef !important; }\n#pt-cv-view-554354bnoe  + .pt-cv-pagination-wrapper .pt-cv-more , #pt-cv-view-554354bnoe  + .pt-cv-pagination-wrapper .pagination .active a, .pt-cv-pagination[data-sid='554354bnoe'] .active a { color: #ffffff !important; background-color: #00aeef !important; }<\/style>\r\n\t\t\t\n","protected":false},"excerpt":{"rendered":"<p>Das H\u00f6rSpielLab M\u00fcnster wagt mit der Reihe &#8222;H\u00f6rSpiel im Gespr\u00e4ch&#8220; einen geht der Frage nach, welche Akteur*innen die Stadt beschallen und welche unterschiedlichen Zug\u00e4nge sie zum H\u00f6rSpiel haben. Sei es die Lesung, der fiktionale Podcast, die Klangkunst oder doch einfach das klassische H\u00f6rspiel.<\/p>\n","protected":false},"author":1,"featured_media":870,"parent":0,"menu_order":0,"comment_status":"closed","ping_status":"closed","template":"","meta":{"footnotes":""},"class_list":["post-867","page","type-page","status-publish","has-post-thumbnail","hentry"],"_links":{"self":[{"href":"http:\/\/www.tatwortimnetz.de\/Hoerspiel\/wp-json\/wp\/v2\/pages\/867","targetHints":{"allow":["GET"]}}],"collection":[{"href":"http:\/\/www.tatwortimnetz.de\/Hoerspiel\/wp-json\/wp\/v2\/pages"}],"about":[{"href":"http:\/\/www.tatwortimnetz.de\/Hoerspiel\/wp-json\/wp\/v2\/types\/page"}],"author":[{"embeddable":true,"href":"http:\/\/www.tatwortimnetz.de\/Hoerspiel\/wp-json\/wp\/v2\/users\/1"}],"replies":[{"embeddable":true,"href":"http:\/\/www.tatwortimnetz.de\/Hoerspiel\/wp-json\/wp\/v2\/comments?post=867"}],"version-history":[{"count":2,"href":"http:\/\/www.tatwortimnetz.de\/Hoerspiel\/wp-json\/wp\/v2\/pages\/867\/revisions"}],"predecessor-version":[{"id":872,"href":"http:\/\/www.tatwortimnetz.de\/Hoerspiel\/wp-json\/wp\/v2\/pages\/867\/revisions\/872"}],"wp:featuredmedia":[{"embeddable":true,"href":"http:\/\/www.tatwortimnetz.de\/Hoerspiel\/wp-json\/wp\/v2\/media\/870"}],"wp:attachment":[{"href":"http:\/\/www.tatwortimnetz.de\/Hoerspiel\/wp-json\/wp\/v2\/media?parent=867"}],"curies":[{"name":"wp","href":"https:\/\/api.w.org\/{rel}","templated":true}]}}