{"id":876,"date":"2021-09-21T13:32:44","date_gmt":"2021-09-21T11:32:44","guid":{"rendered":"http:\/\/www.tatwortimnetz.de\/Hoerspiel\/?page_id=876"},"modified":"2022-03-15T17:28:08","modified_gmt":"2022-03-15T16:28:08","slug":"hoerspiele","status":"publish","type":"page","link":"http:\/\/www.tatwortimnetz.de\/Hoerspiel\/hoerspiele\/","title":{"rendered":"H\u00f6rSpiele"},"content":{"rendered":"\n<p>Im Rahmen des H\u00f6rSpielLabs M\u00fcnster unterst\u00fctzen wir jede Jahr Teilnehmer*innen eigene H\u00f6rSpiele zu produzieren. Die Ergebnisse findet ihr hier: <\/p>\n\n\n\n<h2 class=\"wp-block-heading\">Taxigeschichten:<\/h2>\n\n\n<div class=\"pt-cv-wrapper\"><div class=\"pt-cv-view pt-cv-scrollable pt-cv-colsys pt-cv-content-hover pt-cv-clickable pt-cv-force-mask pt-cv-overlay-bottom\" id=\"pt-cv-view-2b19e7ci4f\"><div data-id=\"pt-cv-page-1\" class=\"pt-cv-page\" data-cvc=\"2\"><div id=\"9d9ab5771h\" class=\"pt-cv-carousel pt-cv-slide\" data-ride=\"cvcarousel\" data-interval=false>\n<div class=\"carousel-inner\"><div class=\"item active\"><div class=\"row\"><div class=\"col-md-6 col-sm-6 col-xs-12 pt-cv-content-item pt-cv-1-col\"  data-pid=\"873\"><div class=\"pt-cv-hover-wrapper\"><a href=\"http:\/\/www.tatwortimnetz.de\/Hoerspiel\/2021\/09\/21\/taxigeschichten-folge-2-exitus-in-tabula\/\" class=\"_self pt-cv-href-thumbnail pt-cv-thumb-default cvplbd\" target=\"_self\" ><img loading=\"lazy\" decoding=\"async\" width=\"300\" height=\"169\" src=\"http:\/\/www.tatwortimnetz.de\/Hoerspiel\/wp-content\/uploads\/2021\/03\/Header-Exitus-in-tabula-300x169.jpeg\" class=\"pt-cv-thumbnail img-none\" alt=\"Taxigeschichten \u2013 Folge 2: Exitus in Tabula\" srcset=\"http:\/\/www.tatwortimnetz.de\/Hoerspiel\/wp-content\/uploads\/2021\/03\/Header-Exitus-in-tabula-300x169.jpeg 300w, http:\/\/www.tatwortimnetz.de\/Hoerspiel\/wp-content\/uploads\/2021\/03\/Header-Exitus-in-tabula-1024x576.jpeg 1024w, http:\/\/www.tatwortimnetz.de\/Hoerspiel\/wp-content\/uploads\/2021\/03\/Header-Exitus-in-tabula-768x432.jpeg 768w, http:\/\/www.tatwortimnetz.de\/Hoerspiel\/wp-content\/uploads\/2021\/03\/Header-Exitus-in-tabula-1536x864.jpeg 1536w, http:\/\/www.tatwortimnetz.de\/Hoerspiel\/wp-content\/uploads\/2021\/03\/Header-Exitus-in-tabula.jpeg 1600w\" sizes=\"auto, 100vw\" \/><\/a><div class=\"pt-cv-mask\"><h4 class=\"pt-cv-animation-left pt-cv-title\"><a href=\"http:\/\/www.tatwortimnetz.de\/Hoerspiel\/2021\/09\/21\/taxigeschichten-folge-2-exitus-in-tabula\/\" class=\"_self cvplbd\" target=\"_self\" >Taxigeschichten \u2013 Folge 2: Exitus in Tabula<\/a><\/h4><\/div><\/div>\n<div class=\"pt-cv-carousel-caption pt-cv-cap-w-img\"><\/div><\/div>\n<div class=\"col-md-6 col-sm-6 col-xs-12 pt-cv-content-item pt-cv-1-col\"  data-pid=\"878\"><div class=\"pt-cv-hover-wrapper\"><a href=\"http:\/\/www.tatwortimnetz.de\/Hoerspiel\/2021\/09\/21\/taxigeschichten-folge-1-dumme-sau\/\" class=\"_self pt-cv-href-thumbnail pt-cv-thumb-default cvplbd\" target=\"_self\" ><img loading=\"lazy\" decoding=\"async\" width=\"300\" height=\"169\" src=\"http:\/\/www.tatwortimnetz.de\/Hoerspiel\/wp-content\/uploads\/2021\/09\/Bild-eines-Taxis_pixarbay-300x169.jpg\" class=\"pt-cv-thumbnail img-none\" alt=\"Taxigeschichten \u2013 Folge 1: Dumme Sau\" srcset=\"http:\/\/www.tatwortimnetz.de\/Hoerspiel\/wp-content\/uploads\/2021\/09\/Bild-eines-Taxis_pixarbay-300x169.jpg 300w, http:\/\/www.tatwortimnetz.de\/Hoerspiel\/wp-content\/uploads\/2021\/09\/Bild-eines-Taxis_pixarbay-1024x576.jpg 1024w, http:\/\/www.tatwortimnetz.de\/Hoerspiel\/wp-content\/uploads\/2021\/09\/Bild-eines-Taxis_pixarbay-768x432.jpg 768w, http:\/\/www.tatwortimnetz.de\/Hoerspiel\/wp-content\/uploads\/2021\/09\/Bild-eines-Taxis_pixarbay-1536x864.jpg 1536w, http:\/\/www.tatwortimnetz.de\/Hoerspiel\/wp-content\/uploads\/2021\/09\/Bild-eines-Taxis_pixarbay.jpg 1920w\" sizes=\"auto, 100vw\" \/><\/a><div class=\"pt-cv-mask\"><h4 class=\"pt-cv-animation-left pt-cv-title\"><a href=\"http:\/\/www.tatwortimnetz.de\/Hoerspiel\/2021\/09\/21\/taxigeschichten-folge-1-dumme-sau\/\" class=\"_self cvplbd\" target=\"_self\" >Taxigeschichten \u2013 Folge 1: Dumme Sau<\/a><\/h4><\/div><\/div>\n<div class=\"pt-cv-carousel-caption pt-cv-cap-w-img\"><\/div><\/div><\/div><\/div><\/div>\n<\/div><\/div><\/div><\/div>\t\t\t<style type=\"text\/css\" id=\"pt-cv-inline-style-efc1f7b8bd\">#pt-cv-view-2b19e7ci4f .pt-cv-title a, #pt-cv-view-2b19e7ci4f  .panel-title { font-size: 16px !important; line-height: 1.3 !important; color: #ffffff !important; font-weight: 600 !important; }\n#pt-cv-view-2b19e7ci4f  .pt-cv-title a:hover, #pt-cv-view-2b19e7ci4f  .panel-title:hover   { color: #cccccc !important; }\n#pt-cv-view-2b19e7ci4f .pt-cv-readmore  { color: #ffffff !important; background-color: #00aeef !important; }\n#pt-cv-view-2b19e7ci4f .pt-cv-readmore:hover  { color: #ffffff !important; background-color: #00aeef !important; }\n#pt-cv-view-2b19e7ci4f  + .pt-cv-pagination-wrapper .pt-cv-more , #pt-cv-view-2b19e7ci4f  + .pt-cv-pagination-wrapper .pagination .active a, .pt-cv-pagination[data-sid='2b19e7ci4f'] .active a { color: #ffffff !important; background-color: #00aeef !important; }<\/style>\r\n\t\t\t\n\n\n\n<h2 class=\"wp-block-heading\">M\u00fcnster Orte: <\/h2>\n\n\n<div class=\"pt-cv-wrapper\"><div class=\"pt-cv-view pt-cv-scrollable pt-cv-colsys pt-cv-content-hover pt-cv-clickable pt-cv-nohover pt-cv-force-mask pt-cv-overlay-bottom\" id=\"pt-cv-view-6fcf6f5vr8\"><div data-id=\"pt-cv-page-1\" class=\"pt-cv-page\" data-cvc=\"2\"><div id=\"b1908eawv1\" class=\"pt-cv-carousel pt-cv-slide\" data-ride=\"cvcarousel\" data-interval=false>\n<div class=\"carousel-inner\"><div class=\"item active\"><div class=\"row\"><div class=\"col-md-6 col-sm-6 col-xs-12 pt-cv-content-item pt-cv-1-col\"  data-pid=\"892\"><div class=\"pt-cv-hover-wrapper\"><a href=\"http:\/\/www.tatwortimnetz.de\/Hoerspiel\/2021\/09\/21\/muenster-orte-folge-1-interview-mit-einem-virus\/\" class=\"_self pt-cv-href-thumbnail pt-cv-thumb-default cvplbd\" target=\"_self\" ><img loading=\"lazy\" decoding=\"async\" width=\"300\" height=\"169\" src=\"http:\/\/www.tatwortimnetz.de\/Hoerspiel\/wp-content\/uploads\/2021\/09\/Header-Interview-mit-einem-Virus-1024x576_dark-300x169.jpeg\" class=\"pt-cv-thumbnail img-none\" alt=\"M\u00fcnster Orte - Folge 1: Interview mit einem Virus\" srcset=\"http:\/\/www.tatwortimnetz.de\/Hoerspiel\/wp-content\/uploads\/2021\/09\/Header-Interview-mit-einem-Virus-1024x576_dark-300x169.jpeg 300w, http:\/\/www.tatwortimnetz.de\/Hoerspiel\/wp-content\/uploads\/2021\/09\/Header-Interview-mit-einem-Virus-1024x576_dark-768x432.jpeg 768w, http:\/\/www.tatwortimnetz.de\/Hoerspiel\/wp-content\/uploads\/2021\/09\/Header-Interview-mit-einem-Virus-1024x576_dark.jpeg 1024w\" sizes=\"auto, 100vw\" \/><\/a><div class=\"pt-cv-mask\"><h4 class=\"pt-cv-animation-left pt-cv-title\"><a href=\"http:\/\/www.tatwortimnetz.de\/Hoerspiel\/2021\/09\/21\/muenster-orte-folge-1-interview-mit-einem-virus\/\" class=\"_self cvplbd\" target=\"_self\" >M\u00fcnster Orte &#8211; Folge 1: Interview mit einem Virus<\/a><\/h4><\/div><\/div>\n<div class=\"pt-cv-carousel-caption pt-cv-cap-w-img\"><\/div><\/div><\/div><\/div><\/div>\n<\/div><\/div><\/div><\/div>\t\t\t<style type=\"text\/css\" id=\"pt-cv-inline-style-a26d63be79\">#pt-cv-view-6fcf6f5vr8 .pt-cv-title a, #pt-cv-view-6fcf6f5vr8  .panel-title { font-size: 16px !important; line-height: 1.3 !important; color: #ffffff !important; font-weight: 600 !important; }\n#pt-cv-view-6fcf6f5vr8  .pt-cv-title a:hover, #pt-cv-view-6fcf6f5vr8  .panel-title:hover   { color: #cccccc !important; }\n#pt-cv-view-6fcf6f5vr8 .pt-cv-readmore  { color: #ffffff !important; background-color: #00aeef !important; }\n#pt-cv-view-6fcf6f5vr8 .pt-cv-readmore:hover  { color: #ffffff !important; background-color: #00aeef !important; }\n#pt-cv-view-6fcf6f5vr8  + .pt-cv-pagination-wrapper .pt-cv-more , #pt-cv-view-6fcf6f5vr8  + .pt-cv-pagination-wrapper .pagination .active a, .pt-cv-pagination[data-sid='6fcf6f5vr8'] .active a { color: #ffffff !important; background-color: #00aeef !important; }<\/style>\r\n\t\t\t\n\n\n\n<h2 class=\"wp-block-heading\">Erste Begegnungen:<\/h2>\n\n\n<div class=\"pt-cv-wrapper\"><div class=\"pt-cv-view pt-cv-scrollable pt-cv-colsys pt-cv-content-hover pt-cv-clickable pt-cv-nohover pt-cv-force-mask pt-cv-overlay-bottom\" id=\"pt-cv-view-dbe29dfkcp\"><div data-id=\"pt-cv-page-1\" class=\"pt-cv-page\" data-cvc=\"2\"><div id=\"acfae91sw8\" class=\"pt-cv-carousel pt-cv-slide\" data-ride=\"cvcarousel\" data-interval=false>\n<div class=\"carousel-inner\"><div class=\"item active\"><div class=\"row\"><div class=\"col-md-6 col-sm-6 col-xs-12 pt-cv-content-item pt-cv-1-col\"  data-pid=\"1118\"><div class=\"pt-cv-hover-wrapper\"><a href=\"http:\/\/www.tatwortimnetz.de\/Hoerspiel\/2022\/03\/11\/ein-clochard-in-muenster\/\" class=\"_self pt-cv-href-thumbnail pt-cv-thumb-default cvplbd\" target=\"_self\" ><img loading=\"lazy\" decoding=\"async\" width=\"300\" height=\"169\" src=\"http:\/\/www.tatwortimnetz.de\/Hoerspiel\/wp-content\/uploads\/2022\/03\/Bild-Bremer-Platz-300x169.jpg\" class=\"pt-cv-thumbnail img-none\" alt=\"Erste Begegnungen - Folge 1: Ein Clochard in M\u00fcnster\" srcset=\"http:\/\/www.tatwortimnetz.de\/Hoerspiel\/wp-content\/uploads\/2022\/03\/Bild-Bremer-Platz-300x169.jpg 300w, http:\/\/www.tatwortimnetz.de\/Hoerspiel\/wp-content\/uploads\/2022\/03\/Bild-Bremer-Platz-1024x576.jpg 1024w, http:\/\/www.tatwortimnetz.de\/Hoerspiel\/wp-content\/uploads\/2022\/03\/Bild-Bremer-Platz-768x432.jpg 768w, http:\/\/www.tatwortimnetz.de\/Hoerspiel\/wp-content\/uploads\/2022\/03\/Bild-Bremer-Platz-1536x864.jpg 1536w, http:\/\/www.tatwortimnetz.de\/Hoerspiel\/wp-content\/uploads\/2022\/03\/Bild-Bremer-Platz-2048x1152.jpg 2048w\" sizes=\"auto, 100vw\" \/><\/a><div class=\"pt-cv-mask\"><h4 class=\"pt-cv-animation-left pt-cv-title\"><a href=\"http:\/\/www.tatwortimnetz.de\/Hoerspiel\/2022\/03\/11\/ein-clochard-in-muenster\/\" class=\"_self cvplbd\" target=\"_self\" >Erste Begegnungen &#8211; Folge 1: Ein Clochard in M\u00fcnster<\/a><\/h4><\/div><\/div>\n<div class=\"pt-cv-carousel-caption pt-cv-cap-w-img\"><\/div><\/div><\/div><\/div><\/div>\n<\/div><\/div><\/div><\/div>\t\t\t<style type=\"text\/css\" id=\"pt-cv-inline-style-d6fc2b9i9t\">#pt-cv-view-dbe29dfkcp .pt-cv-title a, #pt-cv-view-dbe29dfkcp  .panel-title { font-size: 16px !important; line-height: 1.3 !important; color: #ffffff !important; font-weight: 600 !important; }\n#pt-cv-view-dbe29dfkcp  .pt-cv-title a:hover, #pt-cv-view-dbe29dfkcp  .panel-title:hover   { color: #cccccc !important; }\n#pt-cv-view-dbe29dfkcp .pt-cv-readmore  { color: #ffffff !important; background-color: #00aeef !important; }\n#pt-cv-view-dbe29dfkcp .pt-cv-readmore:hover  { color: #ffffff !important; background-color: #00aeef !important; }\n#pt-cv-view-dbe29dfkcp  + .pt-cv-pagination-wrapper .pt-cv-more , #pt-cv-view-dbe29dfkcp  + .pt-cv-pagination-wrapper .pagination .active a, .pt-cv-pagination[data-sid='dbe29dfkcp'] .active a { color: #ffffff !important; background-color: #00aeef !important; }<\/style>\r\n\t\t\t\n","protected":false},"excerpt":{"rendered":"<p>Im Rahmen des H\u00f6rSpielLabs M\u00fcnster unterst\u00fctzen wir jede Jahr Teilnehmer*innen eigene H\u00f6rSpiele zu produzieren. Die Ergebnisse findet ihr hier: Taxigeschichten: M\u00fcnster Orte: Erste Begegnungen:<\/p>\n","protected":false},"author":1,"featured_media":889,"parent":0,"menu_order":0,"comment_status":"closed","ping_status":"closed","template":"","meta":{"footnotes":""},"class_list":["post-876","page","type-page","status-publish","has-post-thumbnail","hentry"],"_links":{"self":[{"href":"http:\/\/www.tatwortimnetz.de\/Hoerspiel\/wp-json\/wp\/v2\/pages\/876","targetHints":{"allow":["GET"]}}],"collection":[{"href":"http:\/\/www.tatwortimnetz.de\/Hoerspiel\/wp-json\/wp\/v2\/pages"}],"about":[{"href":"http:\/\/www.tatwortimnetz.de\/Hoerspiel\/wp-json\/wp\/v2\/types\/page"}],"author":[{"embeddable":true,"href":"http:\/\/www.tatwortimnetz.de\/Hoerspiel\/wp-json\/wp\/v2\/users\/1"}],"replies":[{"embeddable":true,"href":"http:\/\/www.tatwortimnetz.de\/Hoerspiel\/wp-json\/wp\/v2\/comments?post=876"}],"version-history":[{"count":5,"href":"http:\/\/www.tatwortimnetz.de\/Hoerspiel\/wp-json\/wp\/v2\/pages\/876\/revisions"}],"predecessor-version":[{"id":1143,"href":"http:\/\/www.tatwortimnetz.de\/Hoerspiel\/wp-json\/wp\/v2\/pages\/876\/revisions\/1143"}],"wp:featuredmedia":[{"embeddable":true,"href":"http:\/\/www.tatwortimnetz.de\/Hoerspiel\/wp-json\/wp\/v2\/media\/889"}],"wp:attachment":[{"href":"http:\/\/www.tatwortimnetz.de\/Hoerspiel\/wp-json\/wp\/v2\/media?parent=876"}],"curies":[{"name":"wp","href":"https:\/\/api.w.org\/{rel}","templated":true}]}}