{"id":9,"date":"2017-01-24T16:52:47","date_gmt":"2017-01-24T15:52:47","guid":{"rendered":"http:\/\/www.tatwortimnetz.de\/Hoerspiel\/?page_id=9"},"modified":"2017-03-08T18:14:37","modified_gmt":"2017-03-08T17:14:37","slug":"kontakt","status":"publish","type":"page","link":"http:\/\/www.tatwortimnetz.de\/Hoerspiel\/kontakt\/","title":{"rendered":"Impressum"},"content":{"rendered":"<p>Verantwortlich f\u00fcr Design und Programmierung:<\/p>\n<p>Andreas Weber<br \/>\nKontakt: tatwort@cuba-muenster.de<br \/>\nInternet: www.cuba-cultur.de<\/p>\n<p>Verantwortlich f\u00fcr Inhalt und Produktion der Webseite:<br \/>\nInhaber: cuba-cultur<br \/>\nAchtermannstr. 10-12<br \/>\n48143 M\u00fcnster<br \/>\nKontakt: tatwort@cuba-muenster.de<br \/>\nInternet: www.cuba-cultur.de<\/p>\n<p>Jegliche Reproduktion und sonstige Verwendung der gesamten Webseite und\/oder urheberrechtlich gesch\u00fctzter Teile dieser Webseite, insbesondere Ton- und Bildmaterial, Fotos, Texte, Layouts und Grafiken, ist &#8211; soweit nicht ausdr\u00fccklich anders angegeben &#8211; nicht gestattet.<\/p>\n<p>Haftungsausschluss:<br \/>\nDieser Haftungsausschluss ist als Teil des Internetangebotes zu betrachten.<br \/>\nSofern einzelne Bestimmungen des folgenden Textes der geltenden Rechtslage nicht, nicht mehr oder nicht vollst\u00e4ndig entsprechen sollten und\/oder aus sonstigen Gr\u00fcnden unwirksam sein sollten, bleiben die \u00fcbrigen Teile des Textes davon unber\u00fchrt.<\/p>\n<p>1. Inhalt des Onlineangebotes<br \/>\nDer Betreiber \u00fcbernimmt keinerlei Gew\u00e4hr f\u00fcr die Aktualit\u00e4t, Korrektheit, Vollst\u00e4ndigkeit oder Qualit\u00e4t der bereitgestellten Inhalte. S\u00e4mtliche Haftungsanspr\u00fcche gegen den Betreiber, die durch die Nutzung der Website und\/oder der dargebotenen Inhalte, sind grunds\u00e4tzlich ausgeschlossen, sofern seitens des Betreibers kein nachweislich vors\u00e4tzliches oder grob fahrl\u00e4ssiges Verschulden vorliegt. Alle Angebote sind freibleibend und unverbindlich. Der Autor beh\u00e4lt es sich ausdr\u00fccklich vor, Teile der Seiten oder das gesamte Angebot ohne gesonderte Ank\u00fcndigung zu ver\u00e4ndern, zu erg\u00e4nzen, zu l\u00f6schen<br \/>\noder die Ver\u00f6ffentlichung zeitweise oder endg\u00fcltig einzustellen.<\/p>\n<p>2. Links<br \/>\nBei direkten oder indirekten Verweisen auf fremde Internetseiten (Links), die ausserhalb des Verantwortungsbereiches des Betreibers liegen, wird f\u00fcr deren Inhalt keinerlei Haftung \u00fcbernommen, es sei denn der Betreiber macht sich diese ausdr\u00fccklich zu eigen. Eventuelle Verpflichtungen des Betreibers, Links zu rechtswidrigen Inhalten, von denen der Betreiber Kenntnis hat, zu l\u00f6schen, bleiben unber\u00fchrt.<\/p>\n<p>3. Datenschutz<br \/>\nSofern innerhalb des Internetangebotes die M\u00f6glichkeit zur Eingabe pers\u00f6nlicher oder gesch\u00e4ftlicher Daten (Emailadressen, Namen, Anschriften) besteht, so erfolgt die Preisgabe dieser Daten seitens des Nutzers auf ausdr\u00fccklich freiwilliger Basis. Die Inanspruchnahme aller angebotenen Dienste ist &#8211; soweit technisch m\u00f6glich und zumutbar &#8211; auch ohne Angabe solcher Daten bzw. unter Angabe anonymisierter Daten oder eines Pseudonyms gestattet. Wir versichern, dass eingegebene pers\u00f6nliche Daten lediglich durch den Betreiber dieser Website gespeichert und genutzt werden; eine Weitergabe an Dritte erfolgt nicht.<\/p>\n","protected":false},"excerpt":{"rendered":"<p>Verantwortlich f\u00fcr Design und Programmierung: Andreas Weber Kontakt: tatwort@cuba-muenster.de Internet: www.cuba-cultur.de Verantwortlich f\u00fcr Inhalt und Produktion der Webseite: Inhaber: cuba-cultur Achtermannstr. 10-12 48143 M\u00fcnster Kontakt: tatwort@cuba-muenster.de Internet: www.cuba-cultur.de Jegliche Reproduktion und sonstige Verwendung der gesamten Webseite und\/oder urheberrechtlich gesch\u00fctzter Teile dieser Webseite, insbesondere Ton- und Bildmaterial, Fotos, Texte, Layouts und Grafiken, ist &#8211; soweit nicht &hellip; <\/p>\n<p class=\"link-more\"><a href=\"http:\/\/www.tatwortimnetz.de\/Hoerspiel\/kontakt\/\" class=\"more-link\"><span class=\"screen-reader-text\">\u201eImpressum\u201c<\/span> weiterlesen<\/a><\/p>\n","protected":false},"author":1,"featured_media":0,"parent":0,"menu_order":0,"comment_status":"closed","ping_status":"closed","template":"","meta":{"footnotes":""},"class_list":["post-9","page","type-page","status-publish","hentry"],"_links":{"self":[{"href":"http:\/\/www.tatwortimnetz.de\/Hoerspiel\/wp-json\/wp\/v2\/pages\/9","targetHints":{"allow":["GET"]}}],"collection":[{"href":"http:\/\/www.tatwortimnetz.de\/Hoerspiel\/wp-json\/wp\/v2\/pages"}],"about":[{"href":"http:\/\/www.tatwortimnetz.de\/Hoerspiel\/wp-json\/wp\/v2\/types\/page"}],"author":[{"embeddable":true,"href":"http:\/\/www.tatwortimnetz.de\/Hoerspiel\/wp-json\/wp\/v2\/users\/1"}],"replies":[{"embeddable":true,"href":"http:\/\/www.tatwortimnetz.de\/Hoerspiel\/wp-json\/wp\/v2\/comments?post=9"}],"version-history":[{"count":6,"href":"http:\/\/www.tatwortimnetz.de\/Hoerspiel\/wp-json\/wp\/v2\/pages\/9\/revisions"}],"predecessor-version":[{"id":107,"href":"http:\/\/www.tatwortimnetz.de\/Hoerspiel\/wp-json\/wp\/v2\/pages\/9\/revisions\/107"}],"wp:attachment":[{"href":"http:\/\/www.tatwortimnetz.de\/Hoerspiel\/wp-json\/wp\/v2\/media?parent=9"}],"curies":[{"name":"wp","href":"https:\/\/api.w.org\/{rel}","templated":true}]}}