{"id":6,"date":"2022-01-01T16:59:13","date_gmt":"2022-01-01T15:59:13","guid":{"rendered":"http:\/\/www.tatwortimnetz.de\/Kunst\/?page_id=6"},"modified":"2026-02-09T11:22:46","modified_gmt":"2026-02-09T10:22:46","slug":"das-neue-museum-oeffnet-seine-tueren-2","status":"publish","type":"page","link":"http:\/\/www.tatwortimnetz.de\/Kunst\/","title":{"rendered":"KunstKunst M\u00fcnster"},"content":{"rendered":"\n<div class=\"wp-block-columns alignwide is-layout-flex wp-container-core-columns-is-layout-9d6595d7 wp-block-columns-is-layout-flex\">\n<div class=\"wp-block-column is-layout-flow wp-block-column-is-layout-flow\">\n<figure class=\"wp-block-image size-large is-resized size-full\"><img loading=\"lazy\" decoding=\"async\" width=\"1024\" height=\"1024\" src=\"http:\/\/www.tatwortimnetz.de\/Kunst\/wp-content\/uploads\/2025\/12\/Gross-IMG_6493-1024x1024.jpeg\" alt=\"\" class=\"wp-image-4980\" style=\"width:522px;height:auto\" srcset=\"http:\/\/www.tatwortimnetz.de\/Kunst\/wp-content\/uploads\/2025\/12\/Gross-IMG_6493-1024x1024.jpeg 1024w, http:\/\/www.tatwortimnetz.de\/Kunst\/wp-content\/uploads\/2025\/12\/Gross-IMG_6493-300x300.jpeg 300w, http:\/\/www.tatwortimnetz.de\/Kunst\/wp-content\/uploads\/2025\/12\/Gross-IMG_6493-150x150.jpeg 150w, http:\/\/www.tatwortimnetz.de\/Kunst\/wp-content\/uploads\/2025\/12\/Gross-IMG_6493-768x768.jpeg 768w, http:\/\/www.tatwortimnetz.de\/Kunst\/wp-content\/uploads\/2025\/12\/Gross-IMG_6493-600x600.jpeg 600w, http:\/\/www.tatwortimnetz.de\/Kunst\/wp-content\/uploads\/2025\/12\/Gross-IMG_6493-1200x1200.jpeg 1200w, http:\/\/www.tatwortimnetz.de\/Kunst\/wp-content\/uploads\/2025\/12\/Gross-IMG_6493.jpeg 1280w\" sizes=\"auto, (max-width: 1024px) 100vw, 1024px\" \/><\/figure>\n\n\n\n<h2 class=\"wp-block-heading\" id=\"programDetailTitle\">Jelena Bulajic. <mark style=\"background-color:rgba(0, 0, 0, 0)\" class=\"has-inline-color has-accent-color\">Untitled (after). <\/mark>Kunsthalle M\u00fcnster<\/h2>\n\n\n\n<p class=\"has-larger-font-size\">13. Dezember -29. M\u00e4rz<\/p>\n\n\n\n<div class=\"wp-block-button alignleft is-style-fill\"><a class=\"wp-block-button__link wp-element-button\" href=\"https:\/\/www.kunsthallemuenster.de\/de\/programm\/jelena-bulajic\/\">Weiterlesen<\/a><\/div>\n<\/div>\n\n\n\n<div class=\"wp-block-column is-layout-flow wp-block-column-is-layout-flow\">\n<figure class=\"wp-block-image size-full is-resized\"><img loading=\"lazy\" decoding=\"async\" width=\"1280\" height=\"1280\" src=\"http:\/\/www.tatwortimnetz.de\/Kunst\/wp-content\/uploads\/2026\/02\/Gross-IMG_7265.jpeg\" alt=\"\" class=\"wp-image-5078\" style=\"width:522px;height:auto\" srcset=\"http:\/\/www.tatwortimnetz.de\/Kunst\/wp-content\/uploads\/2026\/02\/Gross-IMG_7265.jpeg 1280w, http:\/\/www.tatwortimnetz.de\/Kunst\/wp-content\/uploads\/2026\/02\/Gross-IMG_7265-300x300.jpeg 300w, http:\/\/www.tatwortimnetz.de\/Kunst\/wp-content\/uploads\/2026\/02\/Gross-IMG_7265-1024x1024.jpeg 1024w, http:\/\/www.tatwortimnetz.de\/Kunst\/wp-content\/uploads\/2026\/02\/Gross-IMG_7265-150x150.jpeg 150w, http:\/\/www.tatwortimnetz.de\/Kunst\/wp-content\/uploads\/2026\/02\/Gross-IMG_7265-768x768.jpeg 768w, http:\/\/www.tatwortimnetz.de\/Kunst\/wp-content\/uploads\/2026\/02\/Gross-IMG_7265-600x600.jpeg 600w, http:\/\/www.tatwortimnetz.de\/Kunst\/wp-content\/uploads\/2026\/02\/Gross-IMG_7265-1200x1200.jpeg 1200w\" sizes=\"auto, (max-width: 1280px) 100vw, 1280px\" \/><\/figure>\n\n\n\n<h2 class=\"wp-block-heading\" id=\"programDetailTitle\"><mark style=\"background-color:rgba(0, 0, 0, 0)\" class=\"has-inline-color has-accent-color\">Affinities<\/mark>.<mark style=\"background-color:rgba(0, 0, 0, 0)\" class=\"has-inline-color has-accent-color\"> <\/mark><strong>Neue Begegnungen in der Sammlung. <\/strong><mark style=\"background-color:rgba(0, 0, 0, 0)\" class=\"has-inline-color has-accent-color\">Kunsthalle Recklinghausen<\/mark><\/h2>\n\n\n\n<p class=\"has-larger-font-size\">7. Dezember &#8211; 6. April<\/p>\n\n\n\n<div class=\"wp-block-button alignleft is-style-fill\"><a class=\"wp-block-button__link wp-element-button\" href=\"https:\/\/www.tatwortimnetz.de\/Kunst\/2026\/02\/09\/7-12-6-4-affinities-neue-begegnungen-in-der-sammlung-der-kunsthalle-recklinghausen\/\">Weiterlesen<\/a><\/div>\n<\/div>\n<\/div>\n\n\n\n<div class=\"wp-block-columns alignwide is-layout-flex wp-container-core-columns-is-layout-9d6595d7 wp-block-columns-is-layout-flex\">\n<div class=\"wp-block-column is-layout-flow wp-block-column-is-layout-flow\">\n<figure class=\"wp-block-image size-full is-resized\"><img loading=\"lazy\" decoding=\"async\" width=\"1280\" height=\"1280\" src=\"http:\/\/www.tatwortimnetz.de\/Kunst\/wp-content\/uploads\/2025\/12\/Gross-IMG_6594.jpeg\" alt=\"\" class=\"wp-image-5001\" style=\"width:578px;height:auto\" srcset=\"http:\/\/www.tatwortimnetz.de\/Kunst\/wp-content\/uploads\/2025\/12\/Gross-IMG_6594.jpeg 1280w, http:\/\/www.tatwortimnetz.de\/Kunst\/wp-content\/uploads\/2025\/12\/Gross-IMG_6594-300x300.jpeg 300w, http:\/\/www.tatwortimnetz.de\/Kunst\/wp-content\/uploads\/2025\/12\/Gross-IMG_6594-1024x1024.jpeg 1024w, http:\/\/www.tatwortimnetz.de\/Kunst\/wp-content\/uploads\/2025\/12\/Gross-IMG_6594-150x150.jpeg 150w, http:\/\/www.tatwortimnetz.de\/Kunst\/wp-content\/uploads\/2025\/12\/Gross-IMG_6594-768x768.jpeg 768w, http:\/\/www.tatwortimnetz.de\/Kunst\/wp-content\/uploads\/2025\/12\/Gross-IMG_6594-600x600.jpeg 600w, http:\/\/www.tatwortimnetz.de\/Kunst\/wp-content\/uploads\/2025\/12\/Gross-IMG_6594-1200x1200.jpeg 1200w\" sizes=\"auto, (max-width: 1280px) 100vw, 1280px\" \/><\/figure>\n\n\n\n<h2 class=\"wp-block-heading\"><mark style=\"background-color:rgba(0, 0, 0, 0)\" class=\"has-inline-color has-accent-color\">Barbara Hepworth. <\/mark>Art &amp; Life. <mark style=\"background-color:rgba(0, 0, 0, 0)\" class=\"has-inline-color has-accent-color\">Picasso Museum.<\/mark><\/h2>\n\n\n\n<p class=\"has-larger-font-size\">22. November &#8211; 8. M\u00e4rz<\/p>\n\n\n\n<div class=\"wp-block-button alignleft is-style-fill\"><a class=\"wp-block-button__link wp-element-button\" href=\"https:\/\/www.tatwortimnetz.de\/Kunst\/2026\/02\/09\/2-11-8-3-barbara-hepworth-art-life-picasso-museum\/\">Weiterlesen<\/a><\/div>\n<\/div>\n\n\n\n<div class=\"wp-block-column is-layout-flow wp-block-column-is-layout-flow\">\n<figure class=\"wp-block-image size-large size-full\"><img loading=\"lazy\" decoding=\"async\" width=\"1024\" height=\"1024\" src=\"http:\/\/www.tatwortimnetz.de\/Kunst\/wp-content\/uploads\/2026\/02\/Gross-IMG_1520-1024x1024.jpeg\" alt=\"\" class=\"wp-image-5080\" srcset=\"http:\/\/www.tatwortimnetz.de\/Kunst\/wp-content\/uploads\/2026\/02\/Gross-IMG_1520-1024x1024.jpeg 1024w, http:\/\/www.tatwortimnetz.de\/Kunst\/wp-content\/uploads\/2026\/02\/Gross-IMG_1520-300x300.jpeg 300w, http:\/\/www.tatwortimnetz.de\/Kunst\/wp-content\/uploads\/2026\/02\/Gross-IMG_1520-150x150.jpeg 150w, http:\/\/www.tatwortimnetz.de\/Kunst\/wp-content\/uploads\/2026\/02\/Gross-IMG_1520-768x768.jpeg 768w, http:\/\/www.tatwortimnetz.de\/Kunst\/wp-content\/uploads\/2026\/02\/Gross-IMG_1520-600x600.jpeg 600w, http:\/\/www.tatwortimnetz.de\/Kunst\/wp-content\/uploads\/2026\/02\/Gross-IMG_1520-1200x1200.jpeg 1200w, http:\/\/www.tatwortimnetz.de\/Kunst\/wp-content\/uploads\/2026\/02\/Gross-IMG_1520.jpeg 1280w\" sizes=\"auto, (max-width: 1024px) 100vw, 1024px\" \/><\/figure>\n\n\n\n<h2 class=\"wp-block-heading\">Performance People. <mark style=\"background-color:rgba(0, 0, 0, 0)\" class=\"has-inline-color has-accent-color\">Skulptur Projekte Archiv. <\/mark>LWL-Museum<\/h2>\n\n\n\n<p class=\"has-larger-font-size\">14. Dezember &#8211; 5. M\u00e4rz<\/p>\n\n\n\n<div class=\"wp-block-button alignleft is-style-fill\"><a class=\"wp-block-button__link wp-element-button\" href=\"https:\/\/www.lwl-museum-kunst-kultur.de\/de\/ausstellungen\/performance-people\/\">Weiterlesen<\/a><\/div>\n<\/div>\n<\/div>\n\n\n\n<blockquote class=\"wp-block-quote is-layout-flow wp-block-quote-is-layout-flow\">\n<p>\u201eUm gerecht zu sein, das hei\u00dft, um ihre Daseinsberechtigung zu haben, muss die Kritik parteiisch, leidenschaftlich, politisch sein&#8230; Ich halte nichts von kalter Kritik, die unter dem Vorwand, alles zu erkl\u00e4ren, weder Ha\u00df noch Liebe kennt und sich freiwillig jeder Art von Temperament ent\u00e4u\u00dfert.\u201c<\/p>\n<cite>Charles Baudelaire. Der Salon von 1846. <\/cite><\/blockquote>\n\n\n\n<blockquote class=\"wp-block-quote is-layout-flow wp-block-quote-is-layout-flow\">\n<p>\u201eFr\u00fcher gab es die eine Wahrheit. Das \u00e4ndert sich gerade. Die Eindeutigkeit ist verloren gegangen [\u2026]. Das Internet etabliert\u2026 es zeigt uns, dass wir komplett zersplittert sind.\u201c<\/p>\n<cite><a href=\"https:\/\/www.musikexpress.de\/wie-david-bowie-1999-die-veraenderung-der-gesellschaft-durch-das-internet-vorhergesagt-hat-747573\/\">David Bowie 1999 im Rahmen eines Interviews mit der BBC<\/a><\/cite><\/blockquote>\n\n\n\n<figure class=\"wp-block-image alignfull size-large\"><img loading=\"lazy\" decoding=\"async\" width=\"1024\" height=\"1024\" src=\"http:\/\/www.tatwortimnetz.de\/Kunst\/wp-content\/uploads\/2025\/03\/Design-ohne-Titel1-1024x1024.png\" alt=\"\" class=\"wp-image-4885\" srcset=\"http:\/\/www.tatwortimnetz.de\/Kunst\/wp-content\/uploads\/2025\/03\/Design-ohne-Titel1-1024x1024.png 1024w, http:\/\/www.tatwortimnetz.de\/Kunst\/wp-content\/uploads\/2025\/03\/Design-ohne-Titel1-300x300.png 300w, http:\/\/www.tatwortimnetz.de\/Kunst\/wp-content\/uploads\/2025\/03\/Design-ohne-Titel1-150x150.png 150w, http:\/\/www.tatwortimnetz.de\/Kunst\/wp-content\/uploads\/2025\/03\/Design-ohne-Titel1-768x768.png 768w, http:\/\/www.tatwortimnetz.de\/Kunst\/wp-content\/uploads\/2025\/03\/Design-ohne-Titel1-600x600.png 600w, http:\/\/www.tatwortimnetz.de\/Kunst\/wp-content\/uploads\/2025\/03\/Design-ohne-Titel1.png 1080w\" sizes=\"auto, (max-width: 1024px) 100vw, 1024px\" \/><\/figure>\n\n\n\n<div class=\"wp-block-group alignwide\"><div class=\"wp-block-group__inner-container is-layout-flow wp-block-group-is-layout-flow\">\n<h3 class=\"wp-block-heading has-text-align-center has-accent-color has-text-color\" id=\"allerdings-stellt-sich-die-frage-ob-sich-kunstwerke-im-zeitalter-der-allumfassenden-besonderung-uberhaupt-noch-grundsatlich-von-anderen-kulturellen-gutern-unterscheiden-lassen-gesellschaft-der-singularitaten-andreas-reckwitz\">\u201e&#8230;allerdings stellt sich die Frage, ob sich Kunstwerke im Zeitalter der allumfassenden Besonderung \u00fcberhaupt noch grunds\u00e4tlich von anderen kulturellen G\u00fctern unterscheiden lassen\u201c <em>(Gesellschaft der Singularit\u00e4ten, Andreas Reckwitz)<\/em><\/h3>\n<\/div><\/div>\n\n\n\n<p>KunstKunst M\u00fcnster bietet euch einen \u00dcberblick \u00fcber die aktuellen Ausstellungen in unserer westf\u00e4lische Provinzhauptstadt. Im <a href=\"http:\/\/www.tatwortimnetz.de\/Kunst\/events\/\">Kalender<\/a> findet ihr die wichtigsten Kunst-Ausstellungen in der Stadt. Dabei gucken wir nicht nur in die Museen und Galerien, sondern versuchen euch auch einen \u00dcberblick \u00fcber die Freie Szene und ihre Aktivit\u00e4ten zu geben.<\/p>\n\n\n\n<p>KunstKunst versucht einen Blick \u00fcber den Tellerrand. Wir verlassen manchmal die geliebte und verordnete Heimat und stolpern erstaunt \u00fcber gro\u00dfartige Kunst-Orte.<\/p>\n\n\n\n<p>KunstKunst M\u00fcnster fragt: &#8222;Was ist Kunst?&#8220; Oder sogar: &#8222;Wann istr Kunst? Wir sind wirklich neugirieg, haben selber keine Antwor und glauben auch nicht, dass es die Antwort gibt. Wir glauben aber, dass es das Leben reicher macht, nach Antworten zu suchen. <\/p>\n\n\n\n<figure class=\"wp-block-gallery alignwide has-nested-images columns-default is-cropped wp-block-gallery-1 is-layout-flex wp-block-gallery-is-layout-flex\">\n<figure class=\"wp-block-image size-large\"><img loading=\"lazy\" decoding=\"async\" width=\"1024\" height=\"1024\" data-id=\"4906\" src=\"http:\/\/www.tatwortimnetz.de\/Kunst\/wp-content\/uploads\/2025\/11\/Gross-IMG_6352-1024x1024.jpeg\" alt=\"\" class=\"wp-image-4906\" srcset=\"http:\/\/www.tatwortimnetz.de\/Kunst\/wp-content\/uploads\/2025\/11\/Gross-IMG_6352-1024x1024.jpeg 1024w, http:\/\/www.tatwortimnetz.de\/Kunst\/wp-content\/uploads\/2025\/11\/Gross-IMG_6352-300x300.jpeg 300w, http:\/\/www.tatwortimnetz.de\/Kunst\/wp-content\/uploads\/2025\/11\/Gross-IMG_6352-150x150.jpeg 150w, http:\/\/www.tatwortimnetz.de\/Kunst\/wp-content\/uploads\/2025\/11\/Gross-IMG_6352-768x768.jpeg 768w, http:\/\/www.tatwortimnetz.de\/Kunst\/wp-content\/uploads\/2025\/11\/Gross-IMG_6352-600x600.jpeg 600w, http:\/\/www.tatwortimnetz.de\/Kunst\/wp-content\/uploads\/2025\/11\/Gross-IMG_6352-1200x1200.jpeg 1200w, http:\/\/www.tatwortimnetz.de\/Kunst\/wp-content\/uploads\/2025\/11\/Gross-IMG_6352.jpeg 1280w\" sizes=\"auto, (max-width: 1024px) 100vw, 1024px\" \/><\/figure>\n\n\n\n<figure class=\"wp-block-image size-large\"><img loading=\"lazy\" decoding=\"async\" width=\"1024\" height=\"1024\" data-id=\"5104\" src=\"http:\/\/www.tatwortimnetz.de\/Kunst\/wp-content\/uploads\/2026\/02\/Gross-IMG_7122-1024x1024.jpeg\" alt=\"\" class=\"wp-image-5104\" srcset=\"http:\/\/www.tatwortimnetz.de\/Kunst\/wp-content\/uploads\/2026\/02\/Gross-IMG_7122-1024x1024.jpeg 1024w, http:\/\/www.tatwortimnetz.de\/Kunst\/wp-content\/uploads\/2026\/02\/Gross-IMG_7122-300x300.jpeg 300w, http:\/\/www.tatwortimnetz.de\/Kunst\/wp-content\/uploads\/2026\/02\/Gross-IMG_7122-150x150.jpeg 150w, http:\/\/www.tatwortimnetz.de\/Kunst\/wp-content\/uploads\/2026\/02\/Gross-IMG_7122-768x768.jpeg 768w, http:\/\/www.tatwortimnetz.de\/Kunst\/wp-content\/uploads\/2026\/02\/Gross-IMG_7122-600x600.jpeg 600w, http:\/\/www.tatwortimnetz.de\/Kunst\/wp-content\/uploads\/2026\/02\/Gross-IMG_7122-1200x1200.jpeg 1200w, http:\/\/www.tatwortimnetz.de\/Kunst\/wp-content\/uploads\/2026\/02\/Gross-IMG_7122.jpeg 1280w\" sizes=\"auto, (max-width: 1024px) 100vw, 1024px\" \/><\/figure>\n<\/figure>\n","protected":false},"excerpt":{"rendered":"<p>Jelena Bulajic. Untitled (after). Kunsthalle M\u00fcnster 13. Dezember -29. M\u00e4rz Affinities. Neue Begegnungen in der Sammlung. Kunsthalle Recklinghausen 7. Dezember &#8211; 6. April Barbara Hepworth. Art &amp; Life. Picasso Museum. [&hellip;]<\/p>\n","protected":false},"author":1,"featured_media":477,"parent":0,"menu_order":0,"comment_status":"closed","ping_status":"closed","template":"templates\/template-cover.php","meta":{"footnotes":"[]"},"class_list":["post-6","page","type-page","status-publish","has-post-thumbnail","hentry"],"featured_image_src":"http:\/\/www.tatwortimnetz.de\/Kunst\/wp-content\/uploads\/2022\/02\/IMG_0886-600x400.jpg","featured_image_src_square":"http:\/\/www.tatwortimnetz.de\/Kunst\/wp-content\/uploads\/2022\/02\/IMG_0886-600x600.jpg","_links":{"self":[{"href":"http:\/\/www.tatwortimnetz.de\/Kunst\/wp-json\/wp\/v2\/pages\/6","targetHints":{"allow":["GET"]}}],"collection":[{"href":"http:\/\/www.tatwortimnetz.de\/Kunst\/wp-json\/wp\/v2\/pages"}],"about":[{"href":"http:\/\/www.tatwortimnetz.de\/Kunst\/wp-json\/wp\/v2\/types\/page"}],"author":[{"embeddable":true,"href":"http:\/\/www.tatwortimnetz.de\/Kunst\/wp-json\/wp\/v2\/users\/1"}],"replies":[{"embeddable":true,"href":"http:\/\/www.tatwortimnetz.de\/Kunst\/wp-json\/wp\/v2\/comments?post=6"}],"version-history":[{"count":308,"href":"http:\/\/www.tatwortimnetz.de\/Kunst\/wp-json\/wp\/v2\/pages\/6\/revisions"}],"predecessor-version":[{"id":5105,"href":"http:\/\/www.tatwortimnetz.de\/Kunst\/wp-json\/wp\/v2\/pages\/6\/revisions\/5105"}],"wp:featuredmedia":[{"embeddable":true,"href":"http:\/\/www.tatwortimnetz.de\/Kunst\/wp-json\/wp\/v2\/media\/477"}],"wp:attachment":[{"href":"http:\/\/www.tatwortimnetz.de\/Kunst\/wp-json\/wp\/v2\/media?parent=6"}],"curies":[{"name":"wp","href":"https:\/\/api.w.org\/{rel}","templated":true}]}}