{"id":7,"date":"2022-01-01T16:59:13","date_gmt":"2022-01-01T15:59:13","guid":{"rendered":"http:\/\/www.tatwortimnetz.de\/Kunst\/?page_id=7"},"modified":"2022-01-17T15:54:56","modified_gmt":"2022-01-17T14:54:56","slug":"kunstorte","status":"publish","type":"page","link":"http:\/\/www.tatwortimnetz.de\/Kunst\/kunstorte\/","title":{"rendered":"Kunstorte"},"content":{"rendered":"\n<p>Beiliegend finden Sie eine auf den ersten Blick vollst\u00e4ndige Liste aller Galeirien und Museen in M\u00fcnster, die sich im weitesten Sinne mit Zeitgen\u00f6ssischer Kunst besch\u00e4ftigen. <\/p>\n\n\n\n<p><strong>Westf\u00e4lischer<\/strong> <strong>Kunstverein<\/strong> &amp; <strong>Galerie der Gegenwart <\/strong>Rothenburg 30,&nbsp;48143 M\u00fcnster,<br>Tel. 0251-46157, Di\u2013So 11\u201319 Uhr<\/p>\n\n\n\n<p><a href=\"https:\/\/www.westfaelischer-kunstverein.de\/radar\">www.westfaelischer-kunstverein.de<\/a><\/p>\n\n\n\n<p><strong>LWL-Museum f\u00fcr Kunst und Kultur <\/strong>Domplatz 10,&nbsp;48143 M\u00fcnster,<br>Tel. 0251-5907201, Di\u2013So 10\u201318 Uhr<\/p>\n\n\n\n<p><a rel=\"noreferrer noopener\" href=\"http:\/\/www.lwl-museum-kunst-kultur.de\/\" target=\"_blank\">www.lwl-museum-kunst-kultur.de<\/a><\/p>\n\n\n\n<p><strong>Kunstmuseum Pablo Picasso M\u00fcnster <\/strong>Picassoplatz 1,&nbsp;48143 M\u00fcnster,<br>Tel. 0251-4144710, Di\u2013So 10\u201318 Uhr<\/p>\n\n\n\n<p><a rel=\"noreferrer noopener\" href=\"http:\/\/www.kunstmuseum-picasso-muenster.de\/\" target=\"_blank\">www.kunstmuseum-picasso-muenster.de<\/a><\/p>\n\n\n\n<p><strong>Stadtmuseum M\u00fcnster <\/strong>Salzstr. 28,&nbsp;48143 M\u00fcnster,<br>Tel. 0251-4924503, Di\u2013Fr 10\u201318, Sa\u2013So 11\u201318 Uhr<\/p>\n\n\n\n<p><a rel=\"noreferrer noopener\" href=\"http:\/\/www.stadt-muenster.de\/museum\" target=\"_blank\">www.stadt-muenster.de\/museum<\/a><\/p>\n\n\n\n<p><strong>Museum f\u00fcr Lackkunst <\/strong>Windthorststr. 26,&nbsp;48143 M\u00fcnster,<br>Tel. 0251-4185122, Mi\u2013So 12\u201318 Uhr<\/p>\n\n\n\n<p><a rel=\"noreferrer noopener\" href=\"http:\/\/www.museum-fuer-lackkunst.de\/\" target=\"_blank\">www.museum-fuer-lackkunst.de<\/a><\/p>\n\n\n\n<p><strong>Kunsthalle M\u00fcnster <\/strong>Hafenweg 28,&nbsp;48155 M\u00fcnster,<br>Tel. 0251-6744675, Di\u2013So 12\u201318 Uhr<\/p>\n\n\n\n<p><a rel=\"noreferrer noopener\" href=\"http:\/\/www.kunsthallemuenster.de\/\" target=\"_blank\">www.kunsthallemuenster.de<\/a><\/p>\n\n\n\n<p><strong>Kunsthaus Kannen \u2013 Museum f\u00fcr Outsider Art <\/strong>Alexianerweg 9,&nbsp;48163 M\u00fcnster,<br>Tel. 02501-96620560, Di\u2013So 13\u201317 Uhr<\/p>\n\n\n\n<p><a rel=\"noreferrer noopener\" href=\"http:\/\/www.kunsthaus-kannen.de\/\" target=\"_blank\">www.kunsthaus-kannen.de<\/a><\/p>\n\n\n\n<p><strong>artlet Studio <\/strong>Harsewinkelgasse 21,&nbsp;48143 M\u00fcnster,<br>Tel. 0251-93259700, Do\u2013Fr 12\u201317 Uhr<\/p>\n\n\n\n<p><strong>Galerie Clasing &amp; Etage <\/strong>Prinzipalmarkt 37,&nbsp;48143 M\u00fcnster,<br>Tel. 0251-44165, Di\u2013Fr 10\u201318, Sa 10\u201313 Uhr<\/p>\n\n\n\n<p><a rel=\"noreferrer noopener\" href=\"http:\/\/www.galerie-clasing.de\/\" target=\"_blank\">www.galerie-clasing.de<\/a><\/p>\n\n\n\n<p><strong>dst.galerie <\/strong>Hafenstr. 21,&nbsp;48153 M\u00fcnster,<br>Tel. 0251-1496983, Mi\u2013Sa 12\u201318 Uhr<\/p>\n\n\n\n<p><a rel=\"noreferrer noopener\" href=\"http:\/\/www.dst-galerie.de\/\" target=\"_blank\">www.dst-galerie.de<\/a><\/p>\n\n\n\n<p><strong>Galerie Frye &amp; Sohn <\/strong>H\u00f6rsterstr. 47,&nbsp;48143 M\u00fcnster,<br>Tel. 0179-1074479, Mo\u2013Fr 15\u201318, Sa 11\u201313 Uhr<\/p>\n\n\n\n<p><a rel=\"noreferrer noopener\" href=\"http:\/\/www.galerie-frye.de\/\" target=\"_blank\">www.galerie-frye.de<\/a><\/p>\n\n\n\n<p><strong>Galerie Goeken am Rosenplatz <\/strong>Rosenplatz 10,&nbsp;48143 M\u00fcnster,<br>Tel. 0251-45024, Mi\u2013Fr 15\u201318, Sa 10\u201316 Uhr<\/p>\n\n\n\n<p><a rel=\"noreferrer noopener\" href=\"http:\/\/www.goekenart.com\/\" target=\"_blank\">www.goekenart.com<\/a><\/p>\n\n\n\n<p><strong>Galerie Goeken in der Hollenbeckerstra\u00dfe <\/strong>Hollenbeckerstr. 27,&nbsp;48143 M\u00fcnster,<br>Tel. 0251-45024, Di\u2013Fr 10\u201313, 15\u201318, Sa 10\u201314 Uhr<\/p>\n\n\n\n<p><a rel=\"noreferrer noopener\" href=\"http:\/\/www.goekenart.com\/\" target=\"_blank\">www.goekenart.com<\/a><\/p>\n\n\n\n<p><strong>Hachmeister Galerie <\/strong>Klosterstr. 12,&nbsp;48143 M\u00fcnster,<br>Tel. 0251-51210, Di\u2013Do 14\u201318 Uhr, Fr, Sa nach Vereinbarung<\/p>\n\n\n\n<p><a rel=\"noreferrer noopener\" href=\"http:\/\/www.hachmeister-galerie.de\/\" target=\"_blank\">www.hachmeister-galerie.de<\/a><\/p>\n\n\n\n<p><strong>mike karstens Galerie <\/strong>Hafenweg 28,&nbsp;48155 M\u00fcnster,<br>Tel. 0251-6068780, Di\u2013Fr 12\u201318 Uhr<\/p>\n\n\n\n<p><a rel=\"noreferrer noopener\" href=\"http:\/\/www.mikekarstens.com\/\" target=\"_blank\">www.mikekarstens.com<\/a><\/p>\n\n\n\n<p><strong>Galerie Laing <\/strong>Hafenweg 46,&nbsp;48155 M\u00fcnster,<br>Tel. 0251-77793145, Do+So 14\u201318 Uhr<\/p>\n\n\n\n<p><a rel=\"noreferrer noopener\" href=\"http:\/\/www.galerie-laing.com\/\" target=\"_blank\">www.galerie-laing.com<\/a><\/p>\n\n\n\n<p><strong>Galerie Nettels <\/strong>Spiegelturm 3,&nbsp;48143 M\u00fcnster,<br>Tel. 0251-46293, Mo\u2013Fr 10\u201318.30, Sa 10\u201316 Uhr<\/p>\n\n\n\n<p><a rel=\"noreferrer noopener\" href=\"http:\/\/www.nettels.de\/\" target=\"_blank\">www.nettels.de<\/a><\/p>\n\n\n\n<p><strong>Galerie Ostendorff <\/strong>Prinzipalmarkt 11,&nbsp;48143 M\u00fcnster,<br>Tel. 0251-57404, Mo\u2013Fr 9\u201317, Sa 10\u201318 Uhr<\/p>\n\n\n\n<p><a rel=\"noreferrer noopener\" href=\"http:\/\/www.ostendorff.de\/\" target=\"_blank\">www.ostendorff.de<\/a><\/p>\n\n\n\n<p><strong>raumprogramm <\/strong>Hansaring 12,&nbsp;48155 M\u00fcnster,<br>Tel. 0251-39583253, \u00d6ffnungszeiten siehe Website<\/p>\n\n\n\n<p><a rel=\"noreferrer noopener\" href=\"http:\/\/www.raumprogramm.ms\/\" target=\"_blank\">www.raumprogramm.ms<\/a><\/p>\n\n\n\n<p><strong>Galerie Schemm <\/strong>Rothenburg 38,&nbsp;48143 M\u00fcnster,<br>Tel. 0251-43241, Mo 11\u201318.30, Di\u2013Fr 10\u201318.30, Sa 10\u201318 Uhr<\/p>\n\n\n\n<p><a rel=\"noreferrer noopener\" href=\"http:\/\/www.galerie-schemm.de\/\" target=\"_blank\">www.galerie-schemm.de<\/a><\/p>\n\n\n\n<p><strong>Kunsthalle Schnake <\/strong>Max-Winkelmann-Str. 84,&nbsp;48165 M\u00fcnster,<br>Tel. 0172-5338328, Mi\u2013Do 14\u200a\u201318 Uhr, 1. So im Monat 14\u201318 Uhr<\/p>\n\n\n\n<p><a rel=\"noreferrer noopener\" href=\"http:\/\/www.kunsthalle-schnake.de\/\" target=\"_blank\">www.kunsthalle-schnake.de<\/a><\/p>\n\n\n\n<p><strong>Galerie Schneeberger <\/strong>Drubbel 4,&nbsp;48143 M\u00fcnster,<br>Tel. 0251-799610, Besuch nach Vereinbarung<\/p>\n\n\n\n<p><strong>Galerie Spiekerhof <\/strong>Spiekerhof 38,&nbsp;48143 M\u00fcnster,<br>Tel. 0251-5105560, Mo\u2013Fr 10\u201318.30, Sa 10\u201317 Uhr<\/p>\n\n\n\n<p><strong>Haus der Niederlande <\/strong>Alter Steinweg 6\u20137,&nbsp;48143 M\u00fcnster,<br>Tel. 0251-8328511, Mo\u2013Fr 12\u201318, Sa\u2013So 10\u201316 Uhr<\/p>\n\n\n\n<p><a rel=\"noreferrer noopener\" href=\"http:\/\/www.uni-muenster.de\/HausDerNiederlande\" target=\"_blank\">www.uni-muenster.de\/HausDerNiederlande<\/a><\/p>\n\n\n\n<p><strong>Franz-Hitze-Haus <\/strong>Kardinal-von-Galen-Ring 50,&nbsp;48149 M\u00fcnster,<br>Tel. 0251-98180, Mo\u2013Sa 8\u201320, So 8\u201313 Uhr<\/p>\n\n\n\n<p><a rel=\"noreferrer noopener\" href=\"http:\/\/www.franz-hitze-haus.de\/\" target=\"_blank\">www.franz-hitze-haus.de<\/a><\/p>\n\n\n\n<p><strong>Wewerka Pavillon <\/strong>Aasee-Wiesen, Kardinal-von-Galen-Ring,&nbsp;48149 M\u00fcnster,<br>, durchg\u00e4ngig von au\u00dfen zu besichtigen<\/p>\n\n\n\n<p><a rel=\"noreferrer noopener\" href=\"http:\/\/www.wewerka-pavillon.de\/\" target=\"_blank\">www.wewerka-pavillon.de<\/a><\/p>\n\n\n\n<p><strong>no cube <\/strong>Achtermannstr. 26,&nbsp;48143 M\u00fcnster,<br>Tel. 0157-82030409, Mi 16\u201320 Uhr<\/p>\n\n\n\n<p><a rel=\"noreferrer noopener\" href=\"http:\/\/www.nocube.net\/\" target=\"_blank\">www.nocube.net<\/a><\/p>\n\n\n\n<p><strong>SO-66 Produzentengalerie <\/strong>Soester Str. 66,&nbsp;48155 M\u00fcnster,<br>Tel. 0175-6052617, Sa\u2013So 15\u200a\u201318 Uhr<\/p>\n\n\n\n<p><a rel=\"noreferrer noopener\" href=\"http:\/\/www.so-66.de\/\" target=\"_blank\">www.so-66.de<\/a><\/p>\n\n\n\n<p><strong>Ausstellungshalle Hawerkamp <\/strong>Am Hawerkamp 31,&nbsp;48155 M\u00fcnster,<br>Tel. 0179-3887710, \u00d6ffnungszeiten siehe Website<\/p>\n\n\n\n<p><a rel=\"noreferrer noopener\" href=\"http:\/\/www.am-hawerkamp.de\/\" target=\"_blank\">www.am-hawerkamp.de<\/a><\/p>\n\n\n\n<p><strong>Kap.8 <\/strong>Idenbrockplatz 8,&nbsp;48159 M\u00fcnster,<br>Tel. 0251-4924150, Mo\u2013Do 9\u201312, 15\u201322, Fr 9\u201312 Uhr<\/p>\n\n\n\n<p><a href=\"http:\/\/www.stadt-muenster.de\/kap8\" target=\"_blank\" rel=\"noreferrer noopener\">www.stadt-muenster.de\/kap8<\/a><\/p>\n","protected":false},"excerpt":{"rendered":"<p>Beiliegend finden Sie eine auf den ersten Blick vollst\u00e4ndige Liste aller Galeirien und Museen in M\u00fcnster, die sich im weitesten Sinne mit Zeitgen\u00f6ssischer Kunst besch\u00e4ftigen. Westf\u00e4lischer Kunstverein &amp; Galerie der [&hellip;]<\/p>\n","protected":false},"author":1,"featured_media":0,"parent":0,"menu_order":0,"comment_status":"closed","ping_status":"closed","template":"","meta":{"footnotes":""},"class_list":["post-7","page","type-page","status-publish","hentry"],"featured_image_src":null,"featured_image_src_square":null,"_links":{"self":[{"href":"http:\/\/www.tatwortimnetz.de\/Kunst\/wp-json\/wp\/v2\/pages\/7","targetHints":{"allow":["GET"]}}],"collection":[{"href":"http:\/\/www.tatwortimnetz.de\/Kunst\/wp-json\/wp\/v2\/pages"}],"about":[{"href":"http:\/\/www.tatwortimnetz.de\/Kunst\/wp-json\/wp\/v2\/types\/page"}],"author":[{"embeddable":true,"href":"http:\/\/www.tatwortimnetz.de\/Kunst\/wp-json\/wp\/v2\/users\/1"}],"replies":[{"embeddable":true,"href":"http:\/\/www.tatwortimnetz.de\/Kunst\/wp-json\/wp\/v2\/comments?post=7"}],"version-history":[{"count":3,"href":"http:\/\/www.tatwortimnetz.de\/Kunst\/wp-json\/wp\/v2\/pages\/7\/revisions"}],"predecessor-version":[{"id":106,"href":"http:\/\/www.tatwortimnetz.de\/Kunst\/wp-json\/wp\/v2\/pages\/7\/revisions\/106"}],"wp:attachment":[{"href":"http:\/\/www.tatwortimnetz.de\/Kunst\/wp-json\/wp\/v2\/media?parent=7"}],"curies":[{"name":"wp","href":"https:\/\/api.w.org\/{rel}","templated":true}]}}