{"id":8,"date":"2022-01-01T16:59:13","date_gmt":"2022-01-01T15:59:13","guid":{"rendered":"http:\/\/www.tatwortimnetz.de\/Kunst\/?page_id=8"},"modified":"2023-09-05T18:25:12","modified_gmt":"2023-09-05T16:25:12","slug":"kontakt","status":"publish","type":"page","link":"http:\/\/www.tatwortimnetz.de\/Kunst\/kontakt\/","title":{"rendered":"Kontakt"},"content":{"rendered":"\n<p><strong>KunstKunst M\u00fcnster <\/strong>(Verantwortlich: Andreas Weber),<\/p>\n\n\n\n<p>Arndtstra\u00dfe 45, 48147 M\u00fcnster \/\/ <\/p>\n\n\n\n<p>Mail: tatwort[at]cuba-muenster.de<\/p>\n\n\n\n<p>www.kunstkunstmuenster.de<\/p>\n\n\n\n<p>www.facebook.com\/kunstkunst-M\u00fcnster<\/p>\n","protected":false},"excerpt":{"rendered":"<p>KunstKunst M\u00fcnster (Verantwortlich: Andreas Weber), Arndtstra\u00dfe 45, 48147 M\u00fcnster \/\/ Mail: tatwort[at]cuba-muenster.de www.kunstkunstmuenster.de www.facebook.com\/kunstkunst-M\u00fcnster<\/p>\n","protected":false},"author":1,"featured_media":0,"parent":0,"menu_order":0,"comment_status":"closed","ping_status":"closed","template":"","meta":{"footnotes":""},"class_list":["post-8","page","type-page","status-publish","hentry"],"featured_image_src":null,"featured_image_src_square":null,"_links":{"self":[{"href":"http:\/\/www.tatwortimnetz.de\/Kunst\/wp-json\/wp\/v2\/pages\/8","targetHints":{"allow":["GET"]}}],"collection":[{"href":"http:\/\/www.tatwortimnetz.de\/Kunst\/wp-json\/wp\/v2\/pages"}],"about":[{"href":"http:\/\/www.tatwortimnetz.de\/Kunst\/wp-json\/wp\/v2\/types\/page"}],"author":[{"embeddable":true,"href":"http:\/\/www.tatwortimnetz.de\/Kunst\/wp-json\/wp\/v2\/users\/1"}],"replies":[{"embeddable":true,"href":"http:\/\/www.tatwortimnetz.de\/Kunst\/wp-json\/wp\/v2\/comments?post=8"}],"version-history":[{"count":3,"href":"http:\/\/www.tatwortimnetz.de\/Kunst\/wp-json\/wp\/v2\/pages\/8\/revisions"}],"predecessor-version":[{"id":3277,"href":"http:\/\/www.tatwortimnetz.de\/Kunst\/wp-json\/wp\/v2\/pages\/8\/revisions\/3277"}],"wp:attachment":[{"href":"http:\/\/www.tatwortimnetz.de\/Kunst\/wp-json\/wp\/v2\/media?parent=8"}],"curies":[{"name":"wp","href":"https:\/\/api.w.org\/{rel}","templated":true}]}}